{"id":2637,"date":"2024-10-31T16:08:41","date_gmt":"2024-10-31T16:08:41","guid":{"rendered":"https:\/\/web23.online\/inpreunah\/?page_id=2637"},"modified":"2024-10-31T16:10:43","modified_gmt":"2024-10-31T16:10:43","slug":"propiedades-de-inversion","status":"publish","type":"page","link":"https:\/\/inpreunah.hn\/inpreunah\/propiedades-de-inversion\/","title":{"rendered":"Propiedades de Inversi\u00f3n"},"content":{"rendered":"\t\t<div data-elementor-type=\"wp-page\" data-elementor-id=\"2637\" class=\"elementor elementor-2637\" data-elementor-settings=\"{&quot;ha_cmc_init_switcher&quot;:&quot;no&quot;}\" data-elementor-post-type=\"page\">\n\t\t\t\t\t\t<section class=\"has_eae_slider elementor-section elementor-top-section elementor-element elementor-element-a0bdbdd elementor-section-stretched elementor-section-boxed elementor-section-height-default elementor-section-height-default\" data-eae-slider=\"37841\" data-id=\"a0bdbdd\" data-element_type=\"section\" data-e-type=\"section\" data-settings=\"{&quot;stretch_section&quot;:&quot;section-stretched&quot;,&quot;_ha_eqh_enable&quot;:false}\">\n\t\t\t\t\t\t<div class=\"elementor-container elementor-column-gap-wider\">\n\t\t\t\t\t<div class=\"has_eae_slider elementor-column elementor-col-100 elementor-top-column elementor-element elementor-element-b8322e6\" data-eae-slider=\"73783\" data-id=\"b8322e6\" data-element_type=\"column\" data-e-type=\"column\">\n\t\t\t<div class=\"elementor-widget-wrap elementor-element-populated\">\n\t\t\t\t\t\t<section class=\"has_eae_slider elementor-section elementor-inner-section elementor-element elementor-element-637ba8f elementor-section-boxed elementor-section-height-default elementor-section-height-default\" data-eae-slider=\"64754\" data-id=\"637ba8f\" data-element_type=\"section\" data-e-type=\"section\" data-settings=\"{&quot;_ha_eqh_enable&quot;:false}\">\n\t\t\t\t\t\t<div class=\"elementor-container elementor-column-gap-default\">\n\t\t\t\t\t<div class=\"has_eae_slider elementor-column elementor-col-100 elementor-inner-column elementor-element elementor-element-7e41894\" data-eae-slider=\"42845\" data-id=\"7e41894\" data-element_type=\"column\" data-e-type=\"column\">\n\t\t\t<div class=\"elementor-widget-wrap elementor-element-populated\">\n\t\t\t\t\t\t<div class=\"elementor-element elementor-element-5f4c048 elementor-widget elementor-widget-heading\" data-id=\"5f4c048\" data-element_type=\"widget\" data-e-type=\"widget\" data-widget_type=\"heading.default\">\n\t\t\t\t<div class=\"elementor-widget-container\">\n\t\t\t\t\t<h1 class=\"elementor-heading-title elementor-size-default\">PROPIEDADES DE INVERSI\u00d3N<\/h1>\t\t\t\t<\/div>\n\t\t\t\t<\/div>\n\t\t\t\t<div class=\"elementor-element elementor-element-d64c83e elementor-widget__width-initial elementor-widget elementor-widget-text-editor\" data-id=\"d64c83e\" data-element_type=\"widget\" data-e-type=\"widget\" data-widget_type=\"text-editor.default\">\n\t\t\t\t<div class=\"elementor-widget-container\">\n\t\t\t\t\t\t\t\t\t<p>Te ofrecemos informaci\u00f3n detallada sobre los bienes y activos que respaldan nuestros compromisos financieros.<\/p><p>Explora esta secci\u00f3n para conocer m\u00e1s acerca de c\u00f3mo gestionamos y protegemos los recursos que aseguran la estabilidad de los beneficios que ofrecemos a nuestros afiliados.<\/p>\t\t\t\t\t\t\t\t<\/div>\n\t\t\t\t<\/div>\n\t\t\t\t\t<\/div>\n\t\t<\/div>\n\t\t\t\t\t<\/div>\n\t\t<\/section>\n\t\t\t\t\t<\/div>\n\t\t<\/div>\n\t\t\t\t\t<\/div>\n\t\t<\/section>\n\t\t\t\t<section class=\"has_eae_slider elementor-section elementor-top-section elementor-element elementor-element-c3e9cd1 elementor-section-stretched elementor-section-boxed elementor-section-height-default elementor-section-height-default\" data-eae-slider=\"42123\" data-id=\"c3e9cd1\" data-element_type=\"section\" data-e-type=\"section\" data-settings=\"{&quot;stretch_section&quot;:&quot;section-stretched&quot;,&quot;_ha_eqh_enable&quot;:false}\">\n\t\t\t\t\t\t<div class=\"elementor-container elementor-column-gap-wider\">\n\t\t\t\t\t<div class=\"has_eae_slider elementor-column elementor-col-100 elementor-top-column elementor-element elementor-element-d28eedf\" data-eae-slider=\"48839\" data-id=\"d28eedf\" data-element_type=\"column\" data-e-type=\"column\">\n\t\t\t<div class=\"elementor-widget-wrap elementor-element-populated\">\n\t\t\t\t\t\t<section class=\"has_eae_slider elementor-section elementor-inner-section elementor-element elementor-element-9a0d91d elementor-section-boxed elementor-section-height-default elementor-section-height-default\" data-eae-slider=\"61223\" data-id=\"9a0d91d\" data-element_type=\"section\" data-e-type=\"section\" data-settings=\"{&quot;_ha_eqh_enable&quot;:false}\">\n\t\t\t\t\t\t<div class=\"elementor-container elementor-column-gap-default\">\n\t\t\t\t\t<div class=\"has_eae_slider elementor-column elementor-col-100 elementor-inner-column elementor-element elementor-element-c22ce85\" data-eae-slider=\"11104\" data-id=\"c22ce85\" data-element_type=\"column\" data-e-type=\"column\">\n\t\t\t<div class=\"elementor-widget-wrap elementor-element-populated\">\n\t\t\t\t\t\t<div class=\"elementor-element elementor-element-ce5f792 elementor-widget elementor-widget-heading\" data-id=\"ce5f792\" data-element_type=\"widget\" data-e-type=\"widget\" data-widget_type=\"heading.default\">\n\t\t\t\t<div class=\"elementor-widget-container\">\n\t\t\t\t\t<h2 class=\"elementor-heading-title elementor-size-default\">Lotes F\u00fanebres<\/h2>\t\t\t\t<\/div>\n\t\t\t\t<\/div>\n\t\t\t\t\t<\/div>\n\t\t<\/div>\n\t\t\t\t\t<\/div>\n\t\t<\/section>\n\t\t\t\t\t<\/div>\n\t\t<\/div>\n\t\t\t\t\t<\/div>\n\t\t<\/section>\n\t\t\t\t<section class=\"has_eae_slider elementor-section elementor-top-section elementor-element elementor-element-70d7550 elementor-section-stretched elementor-section-boxed elementor-section-height-default elementor-section-height-default\" data-eae-slider=\"83662\" data-id=\"70d7550\" data-element_type=\"section\" data-e-type=\"section\" data-settings=\"{&quot;stretch_section&quot;:&quot;section-stretched&quot;,&quot;_ha_eqh_enable&quot;:false}\">\n\t\t\t\t\t\t<div class=\"elementor-container elementor-column-gap-default\">\n\t\t\t\t\t<div class=\"has_eae_slider elementor-column elementor-col-50 elementor-top-column elementor-element elementor-element-5481e67\" data-eae-slider=\"29920\" data-id=\"5481e67\" data-element_type=\"column\" data-e-type=\"column\">\n\t\t\t<div class=\"elementor-widget-wrap elementor-element-populated\">\n\t\t\t\t\t\t<div class=\"elementor-element elementor-element-bb52317 elementor-widget elementor-widget-image\" data-id=\"bb52317\" data-element_type=\"widget\" data-e-type=\"widget\" data-widget_type=\"image.default\">\n\t\t\t\t<div class=\"elementor-widget-container\">\n\t\t\t\t\t\t\t\t\t\t\t\t\t\t\t<img fetchpriority=\"high\" decoding=\"async\" width=\"455\" height=\"1024\" src=\"https:\/\/inpreunah.hn\/inpreunah\/wp-content\/uploads\/2024\/10\/Lotes-Funebres-1-455x1024.jpg\" class=\"attachment-large size-large wp-image-7365\" alt=\"\" srcset=\"https:\/\/inpreunah.hn\/inpreunah\/wp-content\/uploads\/2024\/10\/Lotes-Funebres-1-455x1024.jpg 455w, https:\/\/inpreunah.hn\/inpreunah\/wp-content\/uploads\/2024\/10\/Lotes-Funebres-1-133x300.jpg 133w, https:\/\/inpreunah.hn\/inpreunah\/wp-content\/uploads\/2024\/10\/Lotes-Funebres-1-768x1728.jpg 768w, https:\/\/inpreunah.hn\/inpreunah\/wp-content\/uploads\/2024\/10\/Lotes-Funebres-1-683x1536.jpg 683w, https:\/\/inpreunah.hn\/inpreunah\/wp-content\/uploads\/2024\/10\/Lotes-Funebres-1-65x146.jpg 65w, https:\/\/inpreunah.hn\/inpreunah\/wp-content\/uploads\/2024\/10\/Lotes-Funebres-1-22x50.jpg 22w, https:\/\/inpreunah.hn\/inpreunah\/wp-content\/uploads\/2024\/10\/Lotes-Funebres-1-33x75.jpg 33w, https:\/\/inpreunah.hn\/inpreunah\/wp-content\/uploads\/2024\/10\/Lotes-Funebres-1-427x960.jpg 427w, https:\/\/inpreunah.hn\/inpreunah\/wp-content\/uploads\/2024\/10\/Lotes-Funebres-1.jpg 889w\" sizes=\"(max-width:767px) 455px, 455px\" \/>\t\t\t\t\t\t\t\t\t\t\t\t\t\t\t<\/div>\n\t\t\t\t<\/div>\n\t\t\t\t\t<\/div>\n\t\t<\/div>\n\t\t\t\t<div class=\"has_eae_slider elementor-column elementor-col-50 elementor-top-column elementor-element elementor-element-bcfc3b9\" data-eae-slider=\"26989\" data-id=\"bcfc3b9\" data-element_type=\"column\" data-e-type=\"column\">\n\t\t\t<div class=\"elementor-widget-wrap elementor-element-populated\">\n\t\t\t\t\t\t<div class=\"elementor-element elementor-element-f70a047 elementor-widget elementor-widget-image\" data-id=\"f70a047\" data-element_type=\"widget\" data-e-type=\"widget\" data-widget_type=\"image.default\">\n\t\t\t\t<div class=\"elementor-widget-container\">\n\t\t\t\t\t\t\t\t\t\t\t\t\t\t\t<img decoding=\"async\" width=\"455\" height=\"1024\" src=\"https:\/\/inpreunah.hn\/inpreunah\/wp-content\/uploads\/2024\/10\/Lotes-Funebres-2-455x1024.jpg\" class=\"attachment-large size-large wp-image-7366\" alt=\"\" srcset=\"https:\/\/inpreunah.hn\/inpreunah\/wp-content\/uploads\/2024\/10\/Lotes-Funebres-2-455x1024.jpg 455w, https:\/\/inpreunah.hn\/inpreunah\/wp-content\/uploads\/2024\/10\/Lotes-Funebres-2-133x300.jpg 133w, https:\/\/inpreunah.hn\/inpreunah\/wp-content\/uploads\/2024\/10\/Lotes-Funebres-2-768x1728.jpg 768w, https:\/\/inpreunah.hn\/inpreunah\/wp-content\/uploads\/2024\/10\/Lotes-Funebres-2-683x1536.jpg 683w, https:\/\/inpreunah.hn\/inpreunah\/wp-content\/uploads\/2024\/10\/Lotes-Funebres-2-65x146.jpg 65w, https:\/\/inpreunah.hn\/inpreunah\/wp-content\/uploads\/2024\/10\/Lotes-Funebres-2-22x50.jpg 22w, https:\/\/inpreunah.hn\/inpreunah\/wp-content\/uploads\/2024\/10\/Lotes-Funebres-2-33x75.jpg 33w, https:\/\/inpreunah.hn\/inpreunah\/wp-content\/uploads\/2024\/10\/Lotes-Funebres-2-427x960.jpg 427w, https:\/\/inpreunah.hn\/inpreunah\/wp-content\/uploads\/2024\/10\/Lotes-Funebres-2.jpg 889w\" sizes=\"(max-width:767px) 455px, 455px\" \/>\t\t\t\t\t\t\t\t\t\t\t\t\t\t\t<\/div>\n\t\t\t\t<\/div>\n\t\t\t\t\t<\/div>\n\t\t<\/div>\n\t\t\t\t\t<\/div>\n\t\t<\/section>\n\t\t\t\t<section class=\"has_eae_slider elementor-section elementor-top-section elementor-element elementor-element-e0e8348 elementor-section-stretched elementor-section-boxed elementor-section-height-default elementor-section-height-default\" data-eae-slider=\"47572\" data-id=\"e0e8348\" data-element_type=\"section\" data-e-type=\"section\" data-settings=\"{&quot;stretch_section&quot;:&quot;section-stretched&quot;,&quot;_ha_eqh_enable&quot;:false}\">\n\t\t\t\t\t\t<div class=\"elementor-container elementor-column-gap-wider\">\n\t\t\t\t\t<div class=\"has_eae_slider elementor-column elementor-col-100 elementor-top-column elementor-element elementor-element-c53ed74\" data-eae-slider=\"74300\" data-id=\"c53ed74\" data-element_type=\"column\" data-e-type=\"column\">\n\t\t\t<div class=\"elementor-widget-wrap elementor-element-populated\">\n\t\t\t\t\t\t<section class=\"has_eae_slider elementor-section elementor-inner-section elementor-element elementor-element-1293f0e elementor-section-boxed elementor-section-height-default elementor-section-height-default\" data-eae-slider=\"96797\" data-id=\"1293f0e\" data-element_type=\"section\" data-e-type=\"section\" data-settings=\"{&quot;_ha_eqh_enable&quot;:false}\">\n\t\t\t\t\t\t<div class=\"elementor-container elementor-column-gap-default\">\n\t\t\t\t\t<div class=\"has_eae_slider elementor-column elementor-col-100 elementor-inner-column elementor-element elementor-element-807664f\" data-eae-slider=\"19236\" data-id=\"807664f\" data-element_type=\"column\" data-e-type=\"column\">\n\t\t\t<div class=\"elementor-widget-wrap elementor-element-populated\">\n\t\t\t\t\t\t<div class=\"elementor-element elementor-element-fdb9fc6 elementor-widget elementor-widget-heading\" data-id=\"fdb9fc6\" data-element_type=\"widget\" data-e-type=\"widget\" data-widget_type=\"heading.default\">\n\t\t\t\t<div class=\"elementor-widget-container\">\n\t\t\t\t\t<h2 class=\"elementor-heading-title elementor-size-default\">Proyecto Habitacional Lomas del Per\u00fa, La Ceiba, Atl\u00e1ntida<\/h2>\t\t\t\t<\/div>\n\t\t\t\t<\/div>\n\t\t\t\t\t<\/div>\n\t\t<\/div>\n\t\t\t\t\t<\/div>\n\t\t<\/section>\n\t\t\t\t\t<\/div>\n\t\t<\/div>\n\t\t\t\t\t<\/div>\n\t\t<\/section>\n\t\t\t\t<section class=\"has_eae_slider elementor-section elementor-top-section elementor-element elementor-element-660300b elementor-section-stretched elementor-section-boxed elementor-section-height-default elementor-section-height-default\" data-eae-slider=\"65814\" data-id=\"660300b\" data-element_type=\"section\" data-e-type=\"section\" data-settings=\"{&quot;stretch_section&quot;:&quot;section-stretched&quot;,&quot;_ha_eqh_enable&quot;:false}\">\n\t\t\t\t\t\t<div class=\"elementor-container elementor-column-gap-default\">\n\t\t\t\t\t<div class=\"has_eae_slider elementor-column elementor-col-50 elementor-top-column elementor-element elementor-element-28764b7\" data-eae-slider=\"84264\" data-id=\"28764b7\" data-element_type=\"column\" data-e-type=\"column\">\n\t\t\t<div class=\"elementor-widget-wrap elementor-element-populated\">\n\t\t\t\t\t\t<div class=\"elementor-element elementor-element-d86290f elementor-widget elementor-widget-image\" data-id=\"d86290f\" data-element_type=\"widget\" data-e-type=\"widget\" data-widget_type=\"image.default\">\n\t\t\t\t<div class=\"elementor-widget-container\">\n\t\t\t\t\t\t\t\t\t\t\t\t\t\t\t<img decoding=\"async\" width=\"455\" height=\"1024\" src=\"https:\/\/inpreunah.hn\/inpreunah\/wp-content\/uploads\/2024\/10\/Lomas-del-Peru-1-455x1024.jpg\" class=\"attachment-large size-large wp-image-7363\" alt=\"\" srcset=\"https:\/\/inpreunah.hn\/inpreunah\/wp-content\/uploads\/2024\/10\/Lomas-del-Peru-1-455x1024.jpg 455w, https:\/\/inpreunah.hn\/inpreunah\/wp-content\/uploads\/2024\/10\/Lomas-del-Peru-1-133x300.jpg 133w, https:\/\/inpreunah.hn\/inpreunah\/wp-content\/uploads\/2024\/10\/Lomas-del-Peru-1-768x1728.jpg 768w, https:\/\/inpreunah.hn\/inpreunah\/wp-content\/uploads\/2024\/10\/Lomas-del-Peru-1-683x1536.jpg 683w, https:\/\/inpreunah.hn\/inpreunah\/wp-content\/uploads\/2024\/10\/Lomas-del-Peru-1-65x146.jpg 65w, https:\/\/inpreunah.hn\/inpreunah\/wp-content\/uploads\/2024\/10\/Lomas-del-Peru-1-22x50.jpg 22w, https:\/\/inpreunah.hn\/inpreunah\/wp-content\/uploads\/2024\/10\/Lomas-del-Peru-1-33x75.jpg 33w, https:\/\/inpreunah.hn\/inpreunah\/wp-content\/uploads\/2024\/10\/Lomas-del-Peru-1-427x960.jpg 427w, https:\/\/inpreunah.hn\/inpreunah\/wp-content\/uploads\/2024\/10\/Lomas-del-Peru-1.jpg 889w\" sizes=\"(max-width:767px) 455px, 455px\" \/>\t\t\t\t\t\t\t\t\t\t\t\t\t\t\t<\/div>\n\t\t\t\t<\/div>\n\t\t\t\t\t<\/div>\n\t\t<\/div>\n\t\t\t\t<div class=\"has_eae_slider elementor-column elementor-col-50 elementor-top-column elementor-element elementor-element-e540a1d\" data-eae-slider=\"35827\" data-id=\"e540a1d\" data-element_type=\"column\" data-e-type=\"column\">\n\t\t\t<div class=\"elementor-widget-wrap elementor-element-populated\">\n\t\t\t\t\t\t<div class=\"elementor-element elementor-element-8aba38f elementor-widget elementor-widget-image\" data-id=\"8aba38f\" data-element_type=\"widget\" data-e-type=\"widget\" data-widget_type=\"image.default\">\n\t\t\t\t<div class=\"elementor-widget-container\">\n\t\t\t\t\t\t\t\t\t\t\t\t\t\t\t<img loading=\"lazy\" decoding=\"async\" width=\"455\" height=\"1024\" src=\"https:\/\/inpreunah.hn\/inpreunah\/wp-content\/uploads\/2024\/10\/Lomas-del-Peru-2-455x1024.jpg\" class=\"attachment-large size-large wp-image-7364\" alt=\"\" srcset=\"https:\/\/inpreunah.hn\/inpreunah\/wp-content\/uploads\/2024\/10\/Lomas-del-Peru-2-455x1024.jpg 455w, https:\/\/inpreunah.hn\/inpreunah\/wp-content\/uploads\/2024\/10\/Lomas-del-Peru-2-133x300.jpg 133w, https:\/\/inpreunah.hn\/inpreunah\/wp-content\/uploads\/2024\/10\/Lomas-del-Peru-2-768x1728.jpg 768w, https:\/\/inpreunah.hn\/inpreunah\/wp-content\/uploads\/2024\/10\/Lomas-del-Peru-2-683x1536.jpg 683w, https:\/\/inpreunah.hn\/inpreunah\/wp-content\/uploads\/2024\/10\/Lomas-del-Peru-2-65x146.jpg 65w, https:\/\/inpreunah.hn\/inpreunah\/wp-content\/uploads\/2024\/10\/Lomas-del-Peru-2-22x50.jpg 22w, https:\/\/inpreunah.hn\/inpreunah\/wp-content\/uploads\/2024\/10\/Lomas-del-Peru-2-33x75.jpg 33w, https:\/\/inpreunah.hn\/inpreunah\/wp-content\/uploads\/2024\/10\/Lomas-del-Peru-2-427x960.jpg 427w, https:\/\/inpreunah.hn\/inpreunah\/wp-content\/uploads\/2024\/10\/Lomas-del-Peru-2.jpg 889w\" sizes=\"(max-width:767px) 455px, 455px\" \/>\t\t\t\t\t\t\t\t\t\t\t\t\t\t\t<\/div>\n\t\t\t\t<\/div>\n\t\t\t\t\t<\/div>\n\t\t<\/div>\n\t\t\t\t\t<\/div>\n\t\t<\/section>\n\t\t\t\t<\/div>\n\t\t","protected":false},"excerpt":{"rendered":"<p>PROPIEDADES DE INVERSI\u00d3N Te ofrecemos informaci\u00f3n detallada sobre los bienes y activos que respaldan nuestros compromisos financieros. Explora esta secci\u00f3n para conocer m\u00e1s acerca de c\u00f3mo<span class=\"excerpt-hellip\"> [\u2026]<\/span><\/p>\n","protected":false},"author":6,"featured_media":0,"parent":0,"menu_order":0,"comment_status":"closed","ping_status":"closed","template":"","meta":{"footnotes":""},"class_list":["post-2637","page","type-page","status-publish","hentry"],"_links":{"self":[{"href":"https:\/\/inpreunah.hn\/inpreunah\/wp-json\/wp\/v2\/pages\/2637","targetHints":{"allow":["GET"]}}],"collection":[{"href":"https:\/\/inpreunah.hn\/inpreunah\/wp-json\/wp\/v2\/pages"}],"about":[{"href":"https:\/\/inpreunah.hn\/inpreunah\/wp-json\/wp\/v2\/types\/page"}],"author":[{"embeddable":true,"href":"https:\/\/inpreunah.hn\/inpreunah\/wp-json\/wp\/v2\/users\/6"}],"replies":[{"embeddable":true,"href":"https:\/\/inpreunah.hn\/inpreunah\/wp-json\/wp\/v2\/comments?post=2637"}],"version-history":[{"count":77,"href":"https:\/\/inpreunah.hn\/inpreunah\/wp-json\/wp\/v2\/pages\/2637\/revisions"}],"predecessor-version":[{"id":7411,"href":"https:\/\/inpreunah.hn\/inpreunah\/wp-json\/wp\/v2\/pages\/2637\/revisions\/7411"}],"wp:attachment":[{"href":"https:\/\/inpreunah.hn\/inpreunah\/wp-json\/wp\/v2\/media?parent=2637"}],"curies":[{"name":"wp","href":"https:\/\/api.w.org\/{rel}","templated":true}]}}