{"id":2558,"date":"2023-08-24T20:40:59","date_gmt":"2023-08-24T20:40:59","guid":{"rendered":"https:\/\/web23.online\/inpreunah\/?page_id=2558"},"modified":"2025-06-12T17:11:41","modified_gmt":"2025-06-12T17:11:41","slug":"beneficios","status":"publish","type":"page","link":"https:\/\/inpreunah.hn\/inpreunah\/beneficios\/","title":{"rendered":"Previsi\u00f3n Social"},"content":{"rendered":"\t\t<div data-elementor-type=\"wp-page\" data-elementor-id=\"2558\" class=\"elementor elementor-2558\" data-elementor-settings=\"{&quot;ha_cmc_init_switcher&quot;:&quot;no&quot;}\" data-elementor-post-type=\"page\">\n\t\t\t\t<div class=\"has_eae_slider elementor-element elementor-element-6942d26 e-flex e-con-boxed e-con e-parent\" data-eae-slider=\"35683\" data-id=\"6942d26\" data-element_type=\"container\" data-e-type=\"container\" data-settings=\"{&quot;background_background&quot;:&quot;classic&quot;,&quot;_ha_eqh_enable&quot;:false}\">\n\t\t\t\t\t<div class=\"e-con-inner\">\n\t\t\t\t<div class=\"elementor-element elementor-element-54c9cbce animated-slow elementor-invisible elementor-widget elementor-widget-heading\" data-id=\"54c9cbce\" data-element_type=\"widget\" data-e-type=\"widget\" data-settings=\"{&quot;_animation&quot;:&quot;slideInUp&quot;}\" data-widget_type=\"heading.default\">\n\t\t\t\t<div class=\"elementor-widget-container\">\n\t\t\t\t\t<h1 class=\"elementor-heading-title elementor-size-default\">PREVISI\u00d3N SOCIAL<\/h1>\t\t\t\t<\/div>\n\t\t\t\t<\/div>\n\t\t\t\t\t<\/div>\n\t\t\t\t<\/div>\n\t\t<div class=\"has_eae_slider elementor-element elementor-element-59a46560 e-flex e-con-boxed e-con e-parent\" data-eae-slider=\"2674\" data-id=\"59a46560\" data-element_type=\"container\" data-e-type=\"container\" data-settings=\"{&quot;background_background&quot;:&quot;classic&quot;,&quot;_ha_eqh_enable&quot;:false}\">\n\t\t\t\t\t<div class=\"e-con-inner\">\n\t\t\t\t<div class=\"elementor-element elementor-element-1b2b1804 elementor-widget elementor-widget-image-box\" data-id=\"1b2b1804\" data-element_type=\"widget\" data-e-type=\"widget\" data-widget_type=\"image-box.default\">\n\t\t\t\t<div class=\"elementor-widget-container\">\n\t\t\t\t\t<div class=\"elementor-image-box-wrapper\"><div class=\"elementor-image-box-content\"><p class=\"elementor-image-box-description\">Nuestro objetivo como Instituto de Previsi\u00f3n Social es garantizar permanentemente a los trabajadores de la Universidad Nacional Aut\u00f3noma de Honduras (UNAH), el derecho a jubilaciones y pensiones dignas, decorosas y din\u00e1micas al buen uso de los fondos previsionales y al cumplimiento de sus compromisos y obligaciones.<\/p><\/div><\/div>\t\t\t\t<\/div>\n\t\t\t\t<\/div>\n\t\t\t\t\t<\/div>\n\t\t\t\t<\/div>\n\t\t\t\t<section class=\"has_eae_slider elementor-section elementor-top-section elementor-element elementor-element-290d6eb0 elementor-section-boxed elementor-section-height-default elementor-section-height-default\" data-eae-slider=\"34819\" data-id=\"290d6eb0\" data-element_type=\"section\" data-e-type=\"section\" data-settings=\"{&quot;background_background&quot;:&quot;classic&quot;,&quot;_ha_eqh_enable&quot;:false}\">\n\t\t\t\t\t\t<div class=\"elementor-container elementor-column-gap-default\">\n\t\t\t\t\t<div class=\"has_eae_slider elementor-column elementor-col-100 elementor-top-column elementor-element elementor-element-5c9662cd\" data-eae-slider=\"84604\" data-id=\"5c9662cd\" data-element_type=\"column\" data-e-type=\"column\">\n\t\t\t<div class=\"elementor-widget-wrap elementor-element-populated\">\n\t\t\t\t\t\t<div class=\"elementor-element elementor-element-6e2a2ea elementor-widget elementor-widget-heading\" data-id=\"6e2a2ea\" data-element_type=\"widget\" data-e-type=\"widget\" data-widget_type=\"heading.default\">\n\t\t\t\t<div class=\"elementor-widget-container\">\n\t\t\t\t\t<h2 class=\"elementor-heading-title elementor-size-default\">Conoce los beneficios y servicios previsionales que ofrece el INPREUNAH a sus participantes<\/h2>\t\t\t\t<\/div>\n\t\t\t\t<\/div>\n\t\t\t\t<section class=\"has_eae_slider elementor-section elementor-inner-section elementor-element elementor-element-25fab033 elementor-section-full_width elementor-section-height-default elementor-section-height-default\" data-eae-slider=\"89049\" data-id=\"25fab033\" data-element_type=\"section\" data-e-type=\"section\" data-settings=\"{&quot;_ha_eqh_enable&quot;:false}\">\n\t\t\t\t\t\t<div class=\"elementor-container elementor-column-gap-default\">\n\t\t\t\t\t<div class=\"has_eae_slider elementor-column elementor-col-50 elementor-inner-column elementor-element elementor-element-430062fa\" data-eae-slider=\"71935\" data-id=\"430062fa\" data-element_type=\"column\" data-e-type=\"column\">\n\t\t\t<div class=\"elementor-widget-wrap elementor-element-populated\">\n\t\t\t\t\t\t<div class=\"elementor-element elementor-element-77bda80 elementor-position-inline-start elementor-view-default elementor-mobile-position-block-start ha-has-bg-overlay elementor-widget elementor-widget-icon-box\" data-id=\"77bda80\" data-element_type=\"widget\" data-e-type=\"widget\" data-widget_type=\"icon-box.default\">\n\t\t\t\t<div class=\"elementor-widget-container\">\n\t\t\t\t\t\t\t<div class=\"elementor-icon-box-wrapper\">\n\n\t\t\t\t\t\t<div class=\"elementor-icon-box-icon\">\n\t\t\t\t<a href=\"https:\/\/inpreunah.hn\/inpreunah\/beneficios-previsionales\/\" class=\"elementor-icon\" tabindex=\"-1\" aria-label=\"Beneficios previsionales\">\n\t\t\t\t<i aria-hidden=\"true\" class=\"hm hm-finger-touch\"><\/i>\t\t\t\t<\/a>\n\t\t\t<\/div>\n\t\t\t\n\t\t\t\t\t\t<div class=\"elementor-icon-box-content\">\n\n\t\t\t\t\t\t\t\t\t<h3 class=\"elementor-icon-box-title\">\n\t\t\t\t\t\t<a href=\"https:\/\/inpreunah.hn\/inpreunah\/beneficios-previsionales\/\" >\n\t\t\t\t\t\t\tBeneficios previsionales\t\t\t\t\t\t<\/a>\n\t\t\t\t\t<\/h3>\n\t\t\t\t\n\t\t\t\t\t\t\t\t\t<p class=\"elementor-icon-box-description\">\n\t\t\t\t\t\tSon las pensiones y dem\u00e1s beneficios previsionales que otorga el Instituto en base a sus objetivos de protecci\u00f3n para el cual fue creado.\t\t\t\t\t<\/p>\n\t\t\t\t\n\t\t\t<\/div>\n\t\t\t\n\t\t<\/div>\n\t\t\t\t\t\t<\/div>\n\t\t\t\t<\/div>\n\t\t\t\t<div class=\"elementor-element elementor-element-1d95f8af elementor-position-inline-start elementor-view-default elementor-mobile-position-block-start ha-has-bg-overlay elementor-widget elementor-widget-icon-box\" data-id=\"1d95f8af\" data-element_type=\"widget\" data-e-type=\"widget\" data-widget_type=\"icon-box.default\">\n\t\t\t\t<div class=\"elementor-widget-container\">\n\t\t\t\t\t\t\t<div class=\"elementor-icon-box-wrapper\">\n\n\t\t\t\t\t\t<div class=\"elementor-icon-box-icon\">\n\t\t\t\t<a href=\"https:\/\/inpreunah.hn\/inpreunah\/reintegro-de-valores\/\" class=\"elementor-icon\" tabindex=\"-1\" aria-label=\"Reintegro de valores\">\n\t\t\t\t<i aria-hidden=\"true\" class=\"hm hm-finger-touch\"><\/i>\t\t\t\t<\/a>\n\t\t\t<\/div>\n\t\t\t\n\t\t\t\t\t\t<div class=\"elementor-icon-box-content\">\n\n\t\t\t\t\t\t\t\t\t<h3 class=\"elementor-icon-box-title\">\n\t\t\t\t\t\t<a href=\"https:\/\/inpreunah.hn\/inpreunah\/reintegro-de-valores\/\" >\n\t\t\t\t\t\t\tReintegro de valores\t\t\t\t\t\t<\/a>\n\t\t\t\t\t<\/h3>\n\t\t\t\t\n\t\t\t\t\t\t\t\t\t<p class=\"elementor-icon-box-description\">\n\t\t\t\t\t\tEl afiliado podr\u00e1 reintegrar cotizaciones usadas para pagar pr\u00e9stamos o por separaci\u00f3n, incluyendo los intereses, seg\u00fan reglamento.\t\t\t\t\t<\/p>\n\t\t\t\t\n\t\t\t<\/div>\n\t\t\t\n\t\t<\/div>\n\t\t\t\t\t\t<\/div>\n\t\t\t\t<\/div>\n\t\t\t\t\t<\/div>\n\t\t<\/div>\n\t\t\t\t<div class=\"has_eae_slider elementor-column elementor-col-50 elementor-inner-column elementor-element elementor-element-39fa9f57\" data-eae-slider=\"23704\" data-id=\"39fa9f57\" data-element_type=\"column\" data-e-type=\"column\">\n\t\t\t<div class=\"elementor-widget-wrap elementor-element-populated\">\n\t\t\t\t\t\t<div class=\"elementor-element elementor-element-7395bf60 elementor-position-inline-start elementor-hidden-desktop elementor-hidden-tablet elementor-hidden-mobile elementor-view-default elementor-mobile-position-block-start ha-has-bg-overlay elementor-widget elementor-widget-icon-box\" data-id=\"7395bf60\" data-element_type=\"widget\" data-e-type=\"widget\" data-widget_type=\"icon-box.default\">\n\t\t\t\t<div class=\"elementor-widget-container\">\n\t\t\t\t\t\t\t<div class=\"elementor-icon-box-wrapper\">\n\n\t\t\t\t\t\t<div class=\"elementor-icon-box-icon\">\n\t\t\t\t<span  class=\"elementor-icon\">\n\t\t\t\t<i aria-hidden=\"true\" class=\"hm hm-finger-touch\"><\/i>\t\t\t\t<\/span>\n\t\t\t<\/div>\n\t\t\t\n\t\t\t\t\t\t<div class=\"elementor-icon-box-content\">\n\n\t\t\t\t\t\t\t\t\t<h3 class=\"elementor-icon-box-title\">\n\t\t\t\t\t\t<span  >\n\t\t\t\t\t\t\tOrientaci\u00f3n gerontol\u00f3gica\t\t\t\t\t\t<\/span>\n\t\t\t\t\t<\/h3>\n\t\t\t\t\n\t\t\t\t\t\t\t\t\t<p class=\"elementor-icon-box-description\">\n\t\t\t\t\t\tSu objetivo es facilitar la transici\u00f3n de los participantes activos a la condici\u00f3n de pensionados por vejez o invalidez.\t\t\t\t\t<\/p>\n\t\t\t\t\n\t\t\t<\/div>\n\t\t\t\n\t\t<\/div>\n\t\t\t\t\t\t<\/div>\n\t\t\t\t<\/div>\n\t\t\t\t<div class=\"elementor-element elementor-element-53fc55fb elementor-position-inline-start elementor-widget__width-initial elementor-view-default elementor-mobile-position-block-start ha-has-bg-overlay elementor-widget elementor-widget-icon-box\" data-id=\"53fc55fb\" data-element_type=\"widget\" data-e-type=\"widget\" data-widget_type=\"icon-box.default\">\n\t\t\t\t<div class=\"elementor-widget-container\">\n\t\t\t\t\t\t\t<div class=\"elementor-icon-box-wrapper\">\n\n\t\t\t\t\t\t<div class=\"elementor-icon-box-icon\">\n\t\t\t\t<a href=\"https:\/\/inpreunah.hn\/inpreunah\/participante-voluntario\/\" class=\"elementor-icon\" tabindex=\"-1\" aria-label=\"Participante voluntario\">\n\t\t\t\t<i aria-hidden=\"true\" class=\"hm hm-finger-touch\"><\/i>\t\t\t\t<\/a>\n\t\t\t<\/div>\n\t\t\t\n\t\t\t\t\t\t<div class=\"elementor-icon-box-content\">\n\n\t\t\t\t\t\t\t\t\t<h3 class=\"elementor-icon-box-title\">\n\t\t\t\t\t\t<a href=\"https:\/\/inpreunah.hn\/inpreunah\/participante-voluntario\/\" >\n\t\t\t\t\t\t\tParticipante voluntario\t\t\t\t\t\t<\/a>\n\t\t\t\t\t<\/h3>\n\t\t\t\t\n\t\t\t\t\t\t\t\t\t<p class=\"elementor-icon-box-description\">\n\t\t\t\t\t\tSon las pensiones y dem\u00e1s beneficios previsionales que otorga el Instituto en base a sus objetivos de protecci\u00f3n para el cual fue creado.\t\t\t\t\t<\/p>\n\t\t\t\t\n\t\t\t<\/div>\n\t\t\t\n\t\t<\/div>\n\t\t\t\t\t\t<\/div>\n\t\t\t\t<\/div>\n\t\t\t\t\t<\/div>\n\t\t<\/div>\n\t\t\t\t\t<\/div>\n\t\t<\/section>\n\t\t\t\t\t<\/div>\n\t\t<\/div>\n\t\t\t\t\t<\/div>\n\t\t<\/section>\n\t\t\t\t<section class=\"has_eae_slider elementor-section elementor-top-section elementor-element elementor-element-5230a373 elementor-section-boxed elementor-section-height-default elementor-section-height-default\" data-eae-slider=\"19085\" data-id=\"5230a373\" data-element_type=\"section\" data-e-type=\"section\" data-settings=\"{&quot;background_background&quot;:&quot;classic&quot;,&quot;_ha_eqh_enable&quot;:false}\">\n\t\t\t\t\t\t<div class=\"elementor-container elementor-column-gap-default\">\n\t\t\t\t\t<div class=\"has_eae_slider elementor-column elementor-col-50 elementor-top-column elementor-element elementor-element-19c0dc85\" data-eae-slider=\"94285\" data-id=\"19c0dc85\" data-element_type=\"column\" data-e-type=\"column\">\n\t\t\t<div class=\"elementor-widget-wrap elementor-element-populated\">\n\t\t\t\t\t\t<div class=\"elementor-element elementor-element-4df319d3 elementor-widget elementor-widget-image\" data-id=\"4df319d3\" data-element_type=\"widget\" data-e-type=\"widget\" data-widget_type=\"image.default\">\n\t\t\t\t<div class=\"elementor-widget-container\">\n\t\t\t\t\t\t\t\t\t\t\t\t\t\t\t<img fetchpriority=\"high\" decoding=\"async\" width=\"958\" height=\"1024\" src=\"https:\/\/inpreunah.hn\/inpreunah\/wp-content\/uploads\/2023\/12\/tabla-de-gradualidad-e1701709424913-958x1024.webp\" class=\"attachment-large size-large wp-image-5085\" alt=\"tabla de gradualidad\" srcset=\"https:\/\/inpreunah.hn\/inpreunah\/wp-content\/uploads\/2023\/12\/tabla-de-gradualidad-e1701709424913-958x1024.webp 958w, https:\/\/inpreunah.hn\/inpreunah\/wp-content\/uploads\/2023\/12\/tabla-de-gradualidad-e1701709424913-281x300.webp 281w, https:\/\/inpreunah.hn\/inpreunah\/wp-content\/uploads\/2023\/12\/tabla-de-gradualidad-e1701709424913-768x821.webp 768w, https:\/\/inpreunah.hn\/inpreunah\/wp-content\/uploads\/2023\/12\/tabla-de-gradualidad-e1701709424913-137x146.webp 137w, https:\/\/inpreunah.hn\/inpreunah\/wp-content\/uploads\/2023\/12\/tabla-de-gradualidad-e1701709424913-47x50.webp 47w, https:\/\/inpreunah.hn\/inpreunah\/wp-content\/uploads\/2023\/12\/tabla-de-gradualidad-e1701709424913-70x75.webp 70w, https:\/\/inpreunah.hn\/inpreunah\/wp-content\/uploads\/2023\/12\/tabla-de-gradualidad-e1701709424913-480x513.jpg 480w, https:\/\/inpreunah.hn\/inpreunah\/wp-content\/uploads\/2023\/12\/tabla-de-gradualidad-e1701709424913.webp 1061w\" sizes=\"(max-width:767px) 480px, (max-width:958px) 100vw, 958px\" \/>\t\t\t\t\t\t\t\t\t\t\t\t\t\t\t<\/div>\n\t\t\t\t<\/div>\n\t\t\t\t\t<\/div>\n\t\t<\/div>\n\t\t\t\t<div class=\"has_eae_slider elementor-column elementor-col-50 elementor-top-column elementor-element elementor-element-1ac7341d\" data-eae-slider=\"84148\" data-id=\"1ac7341d\" data-element_type=\"column\" data-e-type=\"column\">\n\t\t\t<div class=\"elementor-widget-wrap elementor-element-populated\">\n\t\t\t\t\t\t<div class=\"elementor-element elementor-element-63f2f57 elementor-widget elementor-widget-heading\" data-id=\"63f2f57\" data-element_type=\"widget\" data-e-type=\"widget\" data-widget_type=\"heading.default\">\n\t\t\t\t<div class=\"elementor-widget-container\">\n\t\t\t\t\t<h2 class=\"elementor-heading-title elementor-size-default\">\u00bfQU\u00c9 ES LA TABLA DE GRADUALIDAD?<\/h2>\t\t\t\t<\/div>\n\t\t\t\t<\/div>\n\t\t\t\t<div class=\"elementor-element elementor-element-31821e91 elementor-widget elementor-widget-text-editor\" data-id=\"31821e91\" data-element_type=\"widget\" data-e-type=\"widget\" data-widget_type=\"text-editor.default\">\n\t\t\t\t<div class=\"elementor-widget-container\">\n\t\t\t\t\t\t\t\t\t<p><strong>Art\u00edculo 134. Vigencia de los ajustes. <\/strong>Para los participantes que al entrar en vigencia el presente Reglamento General, sean participantes activos o en suspenso, que no hayan cumplido con 25 a\u00f1os de cotizaci\u00f3n, para tener derecho al beneficio de la pensi\u00f3n por vejez su edad de retiro voluntario ser\u00e1 determinada conforme a la gradualidad de la tabla.\u00a0<\/p>\t\t\t\t\t\t\t\t<\/div>\n\t\t\t\t<\/div>\n\t\t\t\t\t<\/div>\n\t\t<\/div>\n\t\t\t\t\t<\/div>\n\t\t<\/section>\n\t\t\t\t<section class=\"has_eae_slider elementor-section elementor-top-section elementor-element elementor-element-27ef242 elementor-section-boxed elementor-section-height-default elementor-section-height-default\" data-eae-slider=\"96258\" data-id=\"27ef242\" data-element_type=\"section\" data-e-type=\"section\" data-settings=\"{&quot;background_background&quot;:&quot;classic&quot;,&quot;_ha_eqh_enable&quot;:false}\">\n\t\t\t\t\t\t<div class=\"elementor-container elementor-column-gap-default\">\n\t\t\t\t\t<div class=\"has_eae_slider elementor-column elementor-col-100 elementor-top-column elementor-element elementor-element-1ec539fe\" data-eae-slider=\"54520\" data-id=\"1ec539fe\" data-element_type=\"column\" data-e-type=\"column\" data-settings=\"{&quot;background_background&quot;:&quot;classic&quot;}\">\n\t\t\t<div class=\"elementor-widget-wrap elementor-element-populated\">\n\t\t\t\t\t\t<section class=\"has_eae_slider elementor-section elementor-top-section elementor-element elementor-element-26286810 elementor-section-content-middle elementor-section-boxed elementor-section-height-default elementor-section-height-default\" data-eae-slider=\"93788\" data-id=\"26286810\" data-element_type=\"section\" data-e-type=\"section\" data-settings=\"{&quot;_ha_eqh_enable&quot;:false}\">\n\t\t\t\t\t\t<div class=\"elementor-container elementor-column-gap-default\">\n\t\t\t\t\t<div class=\"has_eae_slider elementor-column elementor-col-50 elementor-top-column elementor-element elementor-element-48d86c1e\" data-eae-slider=\"82171\" data-id=\"48d86c1e\" data-element_type=\"column\" data-e-type=\"column\">\n\t\t\t<div class=\"elementor-widget-wrap elementor-element-populated\">\n\t\t\t\t\t\t<div class=\"elementor-element elementor-element-4ebfe1df elementor-widget elementor-widget-heading\" data-id=\"4ebfe1df\" data-element_type=\"widget\" data-e-type=\"widget\" data-widget_type=\"heading.default\">\n\t\t\t\t<div class=\"elementor-widget-container\">\n\t\t\t\t\t<h4 class=\"elementor-heading-title elementor-size-default\">CONT\u00c1CTANOS<\/h4>\t\t\t\t<\/div>\n\t\t\t\t<\/div>\n\t\t\t\t<div class=\"elementor-element elementor-element-1adc3925 elementor-widget elementor-widget-text-editor\" data-id=\"1adc3925\" data-element_type=\"widget\" data-e-type=\"widget\" data-widget_type=\"text-editor.default\">\n\t\t\t\t<div class=\"elementor-widget-container\">\n\t\t\t\t\t\t\t\t\t<p><strong>\u00bfListo para asegurar tu futuro?<\/strong>\u00a0Cont\u00e1ctanos ahora y descubre c\u00f3mo INPREUNAH puede ayudarte.<\/p>\t\t\t\t\t\t\t\t<\/div>\n\t\t\t\t<\/div>\n\t\t\t\t\t<\/div>\n\t\t<\/div>\n\t\t\t\t<div class=\"has_eae_slider elementor-column elementor-col-50 elementor-top-column elementor-element elementor-element-346cae9a\" data-eae-slider=\"65543\" data-id=\"346cae9a\" data-element_type=\"column\" data-e-type=\"column\">\n\t\t\t<div class=\"elementor-widget-wrap elementor-element-populated\">\n\t\t\t\t\t\t<div class=\"elementor-element elementor-element-60bb3ad1 elementor-align-right elementor-mobile-align-left elementor-widget elementor-widget-button\" data-id=\"60bb3ad1\" data-element_type=\"widget\" data-e-type=\"widget\" data-widget_type=\"button.default\">\n\t\t\t\t<div class=\"elementor-widget-container\">\n\t\t\t\t\t\t\t\t\t<div class=\"elementor-button-wrapper\">\n\t\t\t\t\t<a class=\"elementor-button elementor-button-link elementor-size-sm\" href=\"https:\/\/inpreunah.hn\/inpreunah\/contacto\/\">\n\t\t\t\t\t\t<span class=\"elementor-button-content-wrapper\">\n\t\t\t\t\t\t\t\t\t<span class=\"elementor-button-text\">Contacto<\/span>\n\t\t\t\t\t<\/span>\n\t\t\t\t\t<\/a>\n\t\t\t\t<\/div>\n\t\t\t\t\t\t\t\t<\/div>\n\t\t\t\t<\/div>\n\t\t\t\t\t<\/div>\n\t\t<\/div>\n\t\t\t\t\t<\/div>\n\t\t<\/section>\n\t\t\t\t\t<\/div>\n\t\t<\/div>\n\t\t\t\t\t<\/div>\n\t\t<\/section>\n\t\t\t\t<\/div>\n\t\t","protected":false},"excerpt":{"rendered":"<p>PREVISI\u00d3N SOCIAL Nuestro objetivo como Instituto de Previsi\u00f3n Social es garantizar permanentemente a los trabajadores de la Universidad Nacional Aut\u00f3noma de Honduras (UNAH), el derecho a<span class=\"excerpt-hellip\"> [\u2026]<\/span><\/p>\n","protected":false},"author":6,"featured_media":0,"parent":0,"menu_order":0,"comment_status":"open","ping_status":"closed","template":"elementor_header_footer","meta":{"footnotes":""},"class_list":["post-2558","page","type-page","status-publish","hentry"],"_links":{"self":[{"href":"https:\/\/inpreunah.hn\/inpreunah\/wp-json\/wp\/v2\/pages\/2558","targetHints":{"allow":["GET"]}}],"collection":[{"href":"https:\/\/inpreunah.hn\/inpreunah\/wp-json\/wp\/v2\/pages"}],"about":[{"href":"https:\/\/inpreunah.hn\/inpreunah\/wp-json\/wp\/v2\/types\/page"}],"author":[{"embeddable":true,"href":"https:\/\/inpreunah.hn\/inpreunah\/wp-json\/wp\/v2\/users\/6"}],"replies":[{"embeddable":true,"href":"https:\/\/inpreunah.hn\/inpreunah\/wp-json\/wp\/v2\/comments?post=2558"}],"version-history":[{"count":209,"href":"https:\/\/inpreunah.hn\/inpreunah\/wp-json\/wp\/v2\/pages\/2558\/revisions"}],"predecessor-version":[{"id":8903,"href":"https:\/\/inpreunah.hn\/inpreunah\/wp-json\/wp\/v2\/pages\/2558\/revisions\/8903"}],"wp:attachment":[{"href":"https:\/\/inpreunah.hn\/inpreunah\/wp-json\/wp\/v2\/media?parent=2558"}],"curies":[{"name":"wp","href":"https:\/\/api.w.org\/{rel}","templated":true}]}}